{"id":43,"date":"2023-07-22T22:31:01","date_gmt":"2023-07-22T20:31:01","guid":{"rendered":"https:\/\/mapapomoci.eu\/index.php\/map\/"},"modified":"2023-09-10T15:40:21","modified_gmt":"2023-09-10T13:40:21","slug":"map","status":"publish","type":"page","link":"https:\/\/mapapomoci.eu\/index.php\/map\/","title":{"rendered":"Moje prvn\u00ed mapa"},"content":{"rendered":"<style>\/*! elementor - v3.14.0 - 26-06-2023 *\/\n.elementor-heading-title{padding:0;margin:0;line-height:1}.elementor-widget-heading .elementor-heading-title[class*=elementor-size-]>a{color:inherit;font-size:inherit;line-height:inherit}.elementor-widget-heading .elementor-heading-title.elementor-size-small{font-size:15px}.elementor-widget-heading .elementor-heading-title.elementor-size-medium{font-size:19px}.elementor-widget-heading .elementor-heading-title.elementor-size-large{font-size:29px}.elementor-widget-heading .elementor-heading-title.elementor-size-xl{font-size:39px}.elementor-widget-heading .elementor-heading-title.elementor-size-xxl{font-size:59px}<\/style><h1>MAPA POMOCI<\/h1>\t\t\n\t\t\t<h1>Krizov\u00e1 centra<\/h1>\t\t\n\t\t\t<h4><a href=\"http:\/\/www.csspraha.cz\/24829-krizove-centrum-riaps\">RIAPS<\/a><\/h4>\t\t\n\t\t\t<h4><a href=\"http:\/\/www.bohnice.cz\/krizova-pomoc\">CKI BOHNICE<\/a><\/h4>\t\t\n\t\t\t<h4><a href=\"http:\/\/www.centrumlocika.cz\">LOCIKA<\/a><\/h4>\t\t\n\t\t<ul>\n<li>problematika dom\u00e1c\u00edho n\u00e1sil\u00ed<\/li>\n<li>d\u011btsk\u00e9 advoka\u010dn\u00ed centrum<\/li>\n<\/ul>\t\t\n\t\t\t<h4><a href=\"http:\/\/www.socialniklinika.cz\">SOCI\u00c1LN\u00cd KLINIKA<\/a><\/h4>\t\t\n\t\t<ul>\n<li>cenov\u011b dostupn\u00e1 kr\u00e1tkodob\u00e1 psychoterapie<\/li>\n<\/ul>\t\t\n\t\t\t<h4><a href=\"http:\/\/www.dumtriprani.cz\">D\u016eM T\u0158\u00cd P\u0158\u00c1N\u00cd<\/a><\/h4>\t\t\n\t\t<ul>\n<li>pomoc d\u011btem a rodin\u00e1m v n\u00e1ro\u010dn\u00e9 \u017eivotn\u00ed situaci<\/li>\n<\/ul>\t\t\n\t\t\t<h4><a href=\"http:\/\/www.terap.io\">PSYCHOTERAPIE ONLINE<\/a><\/h4>\t\t\n\t\t<ul>\n<li><a href=\"http:\/\/www.terap.io\">www.terap.io<\/a><\/li>\n<li><a href=\"http:\/\/www.hedepy.cz\">www.hedepy.cz<\/a><\/li>\n<\/ul>\t\t\n\t\t\t<h4><a href=\"http:\/\/www.praguepride.cz\">PROBLEMATIKA LGBTI+<\/a><\/h4>\t\t\n\t\t<ul>\n<li><a href=\"http:\/\/www.praguepride.cz\">www.praguepride.cz<\/a>\n<ul>\n<li>vzd\u011bl\u00e1v\u00e1n\u00ed a worskshopy<\/li>\n<\/ul>\n<\/li>\n<li><a href=\"http:\/\/www.sbarvouven.cz\">www.sbarvouven.cz<\/a>\n<ul>\n<li>online poradna<\/li>\n<li>podp\u016frn\u00e9 skupiny pro dosp\u00edvaj\u00edc\u00ed a pro rodi\u010de<\/li>\n<\/ul>\n<\/li>\n<li><a href=\"http:\/\/jsmetransparent.cz\">jsmetransparent.cz<\/a>\n<ul>\n<li>podp\u016frn\u00e9 skupiny<\/li>\n<li>individu\u00e1ln\u00ed soci\u00e1ln\u00ed a pr\u00e1vn\u00ed poradenstv\u00ed<br \/>bez n\u00e1roku na finan\u010dn\u00ed odm\u011bnu<\/li>\n<\/ul>\n<\/li>\n<\/ul>\t\t\n\t\t\t<h1>Pro d\u011bti a dosp\u00edvaj\u00edc\u00ed<\/h1>\t\t\n\t\t\t<h4><a href=\"http:\/\/nevypustdusi.cz\/2021\/09\/08\/trida-jako-bezpecne-misto-pro-vsechny\">NEVYPUS\u0164 DU\u0160I<\/a><\/h4>\t\t\n\t\t<ul>\n<li><a href=\"http:\/\/nevypustdusi.cz\/2021\/09\/08\/trida-jako-bezpecne-misto-pro-vsechny\">nevypustdusi.cz\/2021\/09\/08\/trida-jako-bezpecne-misto-pro-vsechny<\/a><\/li>\n<li><a href=\"http:\/\/nevypustdusi.cz\/2021\/05\/05\/podpora-psychicke-odolnosti-u-deti\">nevypustdusi.cz\/2021\/05\/05\/podpora-psychicke-odolnosti-u-deti<\/a><\/li>\n<\/ul>\t\t\n\t\t\t<h4><a href=\"http:\/\/nevypustdusi.cz\/2021\/09\/08\/trida-jako-bezpecne-misto-pro-vsechny\">LINKA BEZPE\u010c\u00cd<\/a><\/h4>\t\t\n\t\t\t<h4><a href=\"http:\/\/www.ditekrize.cz\">D\u011aTSK\u00c9 KRIZOV\u00c9 CENTRUM<\/a><\/h4>\t\t\n\t\t<ul>\n<li>linka d\u016fv\u011bry<\/li>\n<li>linka pro rizika kyberp<\/li>\n<\/ul>\t\t\n\t\t\t<h1>Pro d\u011bti a dosp\u00edvaj\u00edc\u00ed<\/h1>\t\t\n\t\t\t<h4><a href=\"http:\/\/linkapsychickepomoci.cz\">NEVYPUS\u0164 DU\u0160I<\/a><\/h4>\t\t\n\t\t\t<h4><a href=\"http:\/\/www.rodicovskalinka.cz\">RODI\u010cOVSK\u00c1 LINKA<\/a><\/h4>\t\t\n\t\t\t<h4><a href=\"http:\/\/www.linkaztracenedite.cz\">LINKA PRO RODINU A \u0160KOLU<\/a><\/h4>\t\t\n\t\t\t<h1>Aplikace<\/h1>\t\t\n\t\t\t<h4><a href=\"http:\/\/nepanikar.eu\">NEPANIKA\u0158<\/a><\/h4>\t\t\n\t\t\t<h2>MAPA LOKALIT INSTITUC\u00cd\/ORGANIZAC\u00cd<\/h2>\t\t\n\t\t<div id=\"wpgmza_map_3\" class=\"wpgmza_map wpgmza-auto-left\" style=\"display:block;width:100%;height:400px;overflow:hidden;position:relative;\" data-map-id=\"3\" data-maps-engine=\"google-maps\" data-build-engine=\"atlas-novus\" data-shortcode-attributes=\"{&quot;id&quot;:&quot;3&quot;,&quot;zoom&quot;:false,&quot;width&quot;:false,&quot;height&quot;:false,&quot;marker&quot;:false,&quot;classname&quot;:false,&quot;mashup&quot;:false,&quot;mashup_ids&quot;:false,&quot;cat&quot;:false,&quot;type&quot;:&quot;default&quot;,&quot;parent_id&quot;:false,&quot;lat&quot;:false,&quot;lng&quot;:false,&quot;mark_center&quot;:false,&quot;enable_category&quot;:false,&quot;directions_from&quot;:false,&quot;directions_to&quot;:false,&quot;directions_waypoints&quot;:false,&quot;directions_auto&quot;:false,&quot;disable_vgm_form&quot;:false,&quot;redirect_to&quot;:false}\" data-settings=\"{&quot;map_title&quot;:&quot;Nov\\u00e1 mapa&quot;,&quot;map_width&quot;:&quot;100&quot;,&quot;map_height&quot;:&quot;400&quot;,&quot;map_start_lat&quot;:&quot;49.7795520598166&quot;,&quot;map_start_lng&quot;:&quot;15.995644217367122&quot;,&quot;map_start_location&quot;:&quot;&quot;,&quot;map_start_zoom&quot;:&quot;8&quot;,&quot;default_marker&quot;:&quot;&quot;,&quot;type&quot;:&quot;1&quot;,&quot;alignment&quot;:&quot;0&quot;,&quot;directions_enabled&quot;:&quot;0&quot;,&quot;styling_enabled&quot;:&quot;0&quot;,&quot;styling_json&quot;:&quot;&quot;,&quot;active&quot;:&quot;0&quot;,&quot;kml&quot;:&quot;&quot;,&quot;bicycle&quot;:&quot;0&quot;,&quot;traffic&quot;:&quot;0&quot;,&quot;dbox&quot;:&quot;1&quot;,&quot;dbox_width&quot;:&quot;100&quot;,&quot;listmarkers&quot;:&quot;0&quot;,&quot;listmarkers_advanced&quot;:&quot;0&quot;,&quot;filterbycat&quot;:&quot;0&quot;,&quot;ugm_enabled&quot;:&quot;0&quot;,&quot;ugm_category_enabled&quot;:&quot;0&quot;,&quot;fusion&quot;:&quot;&quot;,&quot;map_width_type&quot;:&quot;%&quot;,&quot;map_height_type&quot;:&quot;px&quot;,&quot;mass_marker_support&quot;:&quot;0&quot;,&quot;ugm_access&quot;:&quot;0&quot;,&quot;order_markers_by&quot;:&quot;1&quot;,&quot;order_markers_choice&quot;:&quot;1&quot;,&quot;show_user_location&quot;:&quot;0&quot;,&quot;default_to&quot;:&quot;&quot;,&quot;map_type&quot;:1,&quot;sl_stroke_color&quot;:&quot;#ff0000&quot;,&quot;sl_fill_color&quot;:&quot;#ff0000&quot;,&quot;sl_stroke_opacity&quot;:&quot;1&quot;,&quot;sl_fill_opacity&quot;:&quot;0.5&quot;,&quot;transport_layer&quot;:false,&quot;action&quot;:&quot;wpgmza_save_map&quot;,&quot;redirect_to&quot;:&quot;\\\/wp-admin\\\/admin-post.php&quot;,&quot;map_id&quot;:&quot;3&quot;,&quot;wpgmza_savemap&quot;:&quot;Ulo\\u017eit mapu&quot;,&quot;http_referer&quot;:&quot;\\\/wp-admin\\\/admin.php?page=wp-google-maps-menu&amp;amp;action=edit&amp;amp;map_id=3&quot;,&quot;wpgmza_id&quot;:&quot;3&quot;,&quot;wpgmza_start_location&quot;:&quot;49.7795520598166,15.995644217367122&quot;,&quot;wpgmza_start_zoom&quot;:&quot;8&quot;,&quot;wpgmza_map_align&quot;:&quot;1&quot;,&quot;store_locator_enabled&quot;:false,&quot;store_locator_distance&quot;:false,&quot;store_locator_search_area&quot;:&quot;auto&quot;,&quot;wpgmza_store_locator_default_radius&quot;:&quot;10&quot;,&quot;store_locator_auto_area_max_zoom&quot;:&quot;&quot;,&quot;wpgmza_store_locator_radius_style&quot;:&quot;legacy&quot;,&quot;store_locator_component_anchor&quot;:&quot;9&quot;,&quot;wpgmza_store_locator_bounce&quot;:true,&quot;upload_default_sl_marker&quot;:&quot;&quot;,&quot;upload_default_sl_marker_retina&quot;:false,&quot;wpgmza_sl_animation&quot;:&quot;0&quot;,&quot;store_locator_query_string&quot;:&quot;&quot;,&quot;store_locator_location_placeholder&quot;:&quot;&quot;,&quot;store_locator_default_address&quot;:&quot;&quot;,&quot;store_locator_name_search&quot;:true,&quot;store_locator_name_string&quot;:&quot;&quot;,&quot;store_locator_not_found_message&quot;:&quot;Test nic&quot;,&quot;wpgmza_store_locator_restrict&quot;:&quot;&quot;,&quot;store_locator_show_distance&quot;:false,&quot;store_locator_category&quot;:false,&quot;wpgmza_store_locator_use_their_location&quot;:false,&quot;wpgmza_store_locator_hide_before_search&quot;:false,&quot;store_locator_nearby_searches&quot;:false,&quot;directions_box_component_anchor&quot;:&quot;1&quot;,&quot;wpgmza_dbox_width_type&quot;:&quot;%&quot;,&quot;default_from&quot;:&quot;&quot;,&quot;directions_behaviour&quot;:&quot;default&quot;,&quot;force_google_directions_app&quot;:false,&quot;directions_route_origin_icon&quot;:&quot;https:\\\/\\\/mapapomoci.eu\\\/wp-content\\\/plugins\\\/wp-google-maps\\\/images\\\/spotlight-poi3.png&quot;,&quot;directions_origin_retina&quot;:false,&quot;directions_route_destination_icon&quot;:&quot;https:\\\/\\\/mapapomoci.eu\\\/wp-content\\\/plugins\\\/wp-google-maps\\\/images\\\/spotlight-poi3.png&quot;,&quot;directions_destination_retina&quot;:false,&quot;directions_route_stroke_color&quot;:&quot;#4d8df5&quot;,&quot;directions_route_stroke_weight&quot;:&quot;4&quot;,&quot;directions_route_stroke_opacity&quot;:&quot;0.8&quot;,&quot;directions_fit_bounds_to_route&quot;:false,&quot;wpgmza_theme_data&quot;:&quot;[{\\&quot;featureType\\&quot;:\\&quot;administrative\\&quot;,\\&quot;elementType\\&quot;:\\&quot;all\\&quot;,\\&quot;stylers\\&quot;:[{\\&quot;visibility\\&quot;:\\&quot;on\\&quot;},{\\&quot;lightness\\&quot;:33}]},{\\&quot;featureType\\&quot;:\\&quot;landscape\\&quot;,\\&quot;elementType\\&quot;:\\&quot;all\\&quot;,\\&quot;stylers\\&quot;:[{\\&quot;color\\&quot;:\\&quot;#f2e5d4\\&quot;}]},{\\&quot;featureType\\&quot;:\\&quot;poi.park\\&quot;,\\&quot;elementType\\&quot;:\\&quot;geometry\\&quot;,\\&quot;stylers\\&quot;:[{\\&quot;color\\&quot;:\\&quot;#c5dac6\\&quot;}]},{\\&quot;featureType\\&quot;:\\&quot;poi.park\\&quot;,\\&quot;elementType\\&quot;:\\&quot;labels\\&quot;,\\&quot;stylers\\&quot;:[{\\&quot;visibility\\&quot;:\\&quot;on\\&quot;},{\\&quot;lightness\\&quot;:20}]},{\\&quot;featureType\\&quot;:\\&quot;road\\&quot;,\\&quot;elementType\\&quot;:\\&quot;all\\&quot;,\\&quot;stylers\\&quot;:[{\\&quot;lightness\\&quot;:20}]},{\\&quot;featureType\\&quot;:\\&quot;road.highway\\&quot;,\\&quot;elementType\\&quot;:\\&quot;geometry\\&quot;,\\&quot;stylers\\&quot;:[{\\&quot;color\\&quot;:\\&quot;#c5c6c6\\&quot;}]},{\\&quot;featureType\\&quot;:\\&quot;road.arterial\\&quot;,\\&quot;elementType\\&quot;:\\&quot;geometry\\&quot;,\\&quot;stylers\\&quot;:[{\\&quot;color\\&quot;:\\&quot;#e4d7c6\\&quot;}]},{\\&quot;featureType\\&quot;:\\&quot;road.local\\&quot;,\\&quot;elementType\\&quot;:\\&quot;geometry\\&quot;,\\&quot;stylers\\&quot;:[{\\&quot;color\\&quot;:\\&quot;#fbfaf7\\&quot;}]},{\\&quot;featureType\\&quot;:\\&quot;water\\&quot;,\\&quot;elementType\\&quot;:\\&quot;all\\&quot;,\\&quot;stylers\\&quot;:[{\\&quot;visibility\\&quot;:\\&quot;on\\&quot;},{\\&quot;color\\&quot;:\\&quot;#acbcc9\\&quot;}]}]&quot;,&quot;custom_tile_enabled&quot;:false,&quot;custom_tile_image&quot;:&quot;&quot;,&quot;custom_tile_image_width&quot;:&quot;&quot;,&quot;custom_tile_image_height&quot;:&quot;&quot;,&quot;custom_tile_image_attribution&quot;:&quot;&quot;,&quot;iw_primary_color&quot;:&quot;#000000&quot;,&quot;iw_accent_color&quot;:&quot;#000000&quot;,&quot;iw_text_color&quot;:&quot;#000000&quot;,&quot;close_infowindow_on_map_click&quot;:false,&quot;marker_share_links&quot;:false,&quot;wpgmza_listmarkers_by&quot;:&quot;0&quot;,&quot;marker_listing_component_anchor&quot;:&quot;10&quot;,&quot;marker_listing_component_auto_open&quot;:false,&quot;dataTable_pagination_style&quot;:&quot;default&quot;,&quot;category_filter_component_anchor&quot;:&quot;0&quot;,&quot;zoom_level_on_marker_listing_override&quot;:false,&quot;zoom_level_on_marker_listing_click&quot;:&quot;&quot;,&quot;marker_listing_disable_zoom&quot;:false,&quot;datatable_no_result_message&quot;:&quot;&quot;,&quot;remove_search_box_datables&quot;:false,&quot;datatable_search_string&quot;:&quot;&quot;,&quot;datatable_result_start&quot;:&quot;&quot;,&quot;datatable_result_of&quot;:&quot;&quot;,&quot;datatable_result_to&quot;:&quot;&quot;,&quot;datatable_result_total&quot;:&quot;&quot;,&quot;datatable_result_show&quot;:&quot;&quot;,&quot;datatable_result_entries&quot;:&quot;&quot;,&quot;category_legends_enabled&quot;:false,&quot;category_legends_component_anchor&quot;:&quot;8&quot;,&quot;jump_to_nearest_marker_on_initialization&quot;:false,&quot;click_open_link&quot;:false,&quot;wpgmza_zoom_on_marker_click&quot;:false,&quot;wpgmza_zoom_on_marker_click_slider&quot;:&quot;&quot;,&quot;polygon_labels&quot;:false,&quot;disable_polygon_info_windows&quot;:false,&quot;fit_maps_bounds_to_markers&quot;:false,&quot;fit_maps_bounds_to_markers_after_filtering&quot;:false,&quot;upload_default_ul_marker&quot;:&quot;&quot;,&quot;upload_default_ul_marker_retina&quot;:false,&quot;automatically_pan_to_users_location&quot;:false,&quot;override_users_location_zoom_level&quot;:false,&quot;override_users_location_zoom_levels&quot;:&quot;&quot;,&quot;show_distance_from_location&quot;:false,&quot;map_starts_in_streetview&quot;:false,&quot;map_starts_in_streetview_location&quot;:&quot;&quot;,&quot;map_starts_in_streetview_heading&quot;:&quot;&quot;,&quot;map_starts_in_streetview_pitch&quot;:&quot;&quot;,&quot;map_max_zoom&quot;:&quot;21&quot;,&quot;map_min_zoom&quot;:&quot;0&quot;,&quot;hide_point_of_interest&quot;:false,&quot;retina&quot;:false,&quot;disable_lightbox_images&quot;:false,&quot;use_Raw_Jpeg_Coordinates&quot;:false,&quot;enable_advanced_custom_fields_integration&quot;:false,&quot;enable_toolset_woocommerce_integration&quot;:false,&quot;enable_woo_product_integration&quot;:false,&quot;only_load_markers_within_viewport&quot;:false,&quot;wpgmza_iw_type&quot;:&quot;0&quot;,&quot;wpgmza_theme&quot;:&quot;4&quot;,&quot;id&quot;:3}\" ><\/div>\n","protected":false},"excerpt":{"rendered":"<p>MAPA POMOCI Krizov\u00e1 centra RIAPS CKI BOHNICE LOCIKA problematika dom\u00e1c\u00edho n\u00e1sil\u00ed d\u011btsk\u00e9 advoka\u010dn\u00ed centrum SOCI\u00c1LN\u00cd KLINIKA cenov\u011b dostupn\u00e1 kr\u00e1tkodob\u00e1 psychoterapie D\u016eM T\u0158\u00cd P\u0158\u00c1N\u00cd pomoc d\u011btem a rodin\u00e1m v n\u00e1ro\u010dn\u00e9 \u017eivotn\u00ed situaci PSYCHOTERAPIE ONLINE www.terap.io www.hedepy.cz PROBLEMATIKA LGBTI+ www.praguepride.cz vzd\u011bl\u00e1v\u00e1n\u00ed a worskshopy www.sbarvouven.cz online poradna podp\u016frn\u00e9 skupiny pro dosp\u00edvaj\u00edc\u00ed a pro rodi\u010de jsmetransparent.cz podp\u016frn\u00e9 skupiny individu\u00e1ln\u00ed&#8230;<\/p>\n","protected":false},"author":1,"featured_media":0,"parent":0,"menu_order":0,"comment_status":"closed","ping_status":"closed","template":"","meta":{"_kad_blocks_custom_css":"","_kad_blocks_head_custom_js":"","_kad_blocks_body_custom_js":"","_kad_blocks_footer_custom_js":"","_kad_post_transparent":"","_kad_post_title":"","_kad_post_layout":"","_kad_post_sidebar_id":"","_kad_post_content_style":"","_kad_post_vertical_padding":"","_kad_post_feature":"","_kad_post_feature_position":"","_kad_post_header":false,"_kad_post_footer":false,"footnotes":""},"taxonomy_info":[],"featured_image_src_large":false,"author_info":{"display_name":"h.plavka","author_link":"https:\/\/mapapomoci.eu\/index.php\/author\/h-plavka\/"},"comment_info":0,"_links":{"self":[{"href":"https:\/\/mapapomoci.eu\/index.php\/wp-json\/wp\/v2\/pages\/43"}],"collection":[{"href":"https:\/\/mapapomoci.eu\/index.php\/wp-json\/wp\/v2\/pages"}],"about":[{"href":"https:\/\/mapapomoci.eu\/index.php\/wp-json\/wp\/v2\/types\/page"}],"author":[{"embeddable":true,"href":"https:\/\/mapapomoci.eu\/index.php\/wp-json\/wp\/v2\/users\/1"}],"replies":[{"embeddable":true,"href":"https:\/\/mapapomoci.eu\/index.php\/wp-json\/wp\/v2\/comments?post=43"}],"version-history":[{"count":103,"href":"https:\/\/mapapomoci.eu\/index.php\/wp-json\/wp\/v2\/pages\/43\/revisions"}],"predecessor-version":[{"id":199,"href":"https:\/\/mapapomoci.eu\/index.php\/wp-json\/wp\/v2\/pages\/43\/revisions\/199"}],"wp:attachment":[{"href":"https:\/\/mapapomoci.eu\/index.php\/wp-json\/wp\/v2\/media?parent=43"}],"curies":[{"name":"wp","href":"https:\/\/api.w.org\/{rel}","templated":true}]}}